{"id":178,"date":"2022-03-31T13:41:56","date_gmt":"2022-03-31T16:41:56","guid":{"rendered":"https:\/\/papa.siteup.dev\/?page_id=178"},"modified":"2022-07-05T16:47:51","modified_gmt":"2022-07-05T19:47:51","slug":"diary-bio","status":"publish","type":"page","link":"https:\/\/papa.siteup.dev\/pt\/diary-bio\/","title":{"rendered":"DI\u00c1RIO E BIO"},"content":{"rendered":"<div data-elementor-type=\"wp-page\" data-elementor-id=\"178\" class=\"elementor elementor-178\">\n\t\t\t\t\t\t<div class=\"elementor-inner\">\n\t\t\t\t<div class=\"elementor-section-wrap\">\n\t\t\t\t\t\t\t\t\t<section class=\"has_ae_slider elementor-section elementor-top-section elementor-element elementor-element-2e26063 elementor-section-boxed elementor-section-height-default elementor-section-height-default ae-bg-gallery-type-default\" data-id=\"2e26063\" data-element_type=\"section\" data-settings=\"{&quot;background_background&quot;:&quot;classic&quot;}\">\n\t\t\t\t\t\t<div class=\"elementor-container elementor-column-gap-default\">\n\t\t\t\t\t\t\t<div class=\"elementor-row\">\n\t\t\t\t\t<div class=\"has_ae_slider elementor-column elementor-col-50 elementor-top-column elementor-element elementor-element-90069fb ae-bg-gallery-type-default\" data-id=\"90069fb\" data-element_type=\"column\">\n\t\t\t<div class=\"elementor-column-wrap elementor-element-populated\">\n\t\t\t\t\t\t\t<div class=\"elementor-widget-wrap\">\n\t\t\t\t\t\t<div class=\"elementor-element elementor-element-d43eaad elementor-widget elementor-widget-heading\" data-id=\"d43eaad\" data-element_type=\"widget\" data-widget_type=\"heading.default\">\n\t\t\t\t<div class=\"elementor-widget-container\">\n\t\t\t<h1 class=\"elementor-heading-title elementor-size-default\">DIARY & BIO<\/h1>\t\t<\/div>\n\t\t\t\t<\/div>\n\t\t\t\t<div class=\"elementor-element elementor-element-5be8103 elementor-widget__width-initial elementor-headline--style-highlight elementor-widget elementor-widget-animated-headline\" data-id=\"5be8103\" data-element_type=\"widget\" data-settings=\"{&quot;marker&quot;:&quot;strikethrough&quot;,&quot;highlighted_text&quot;:&quot;born&quot;,&quot;headline_style&quot;:&quot;highlight&quot;,&quot;loop&quot;:&quot;yes&quot;,&quot;highlight_animation_duration&quot;:1200,&quot;highlight_iteration_delay&quot;:8000}\" data-widget_type=\"animated-headline.default\">\n\t\t\t\t<div class=\"elementor-widget-container\">\n\t\t\t\t\t<h2 class=\"elementor-headline\">\n\t\t\t\t\t<span class=\"elementor-headline-plain-text elementor-headline-text-wrapper\">\u201cEu n\u00e3o nasci na m\u00fasica.<br> Eu <\/span>\n\t\t\t\t<span class=\"elementor-headline-dynamic-wrapper elementor-headline-text-wrapper\">\n\t\t\t\t\t<span class=\"elementor-headline-dynamic-text elementor-headline-text-active\">nasci<\/span>\n\t\t\t\t<\/span>\n\t\t\t\t\t<span class=\"elementor-headline-plain-text elementor-headline-text-wrapper\">com uma paix\u00e3o.<\/span>\n\t\t\t\t\t<\/h2>\n\t\t\t\t<\/div>\n\t\t\t\t<\/div>\n\t\t\t\t<div class=\"elementor-element elementor-element-4fe9518 elementor-widget elementor-widget-heading\" data-id=\"4fe9518\" data-element_type=\"widget\" data-widget_type=\"heading.default\">\n\t\t\t\t<div class=\"elementor-widget-container\">\n\t\t\t<p class=\"elementor-heading-title elementor-size-default\">\"A m\u00fasica \u00e9 algo que eu tive que ir atr\u00e1s\"<\/p>\t\t<\/div>\n\t\t\t\t<\/div>\n\t\t\t\t\t\t<\/div>\n\t\t\t\t\t<\/div>\n\t\t<\/div>\n\t\t\t\t<div class=\"has_ae_slider elementor-column elementor-col-50 elementor-top-column elementor-element elementor-element-bfaf615 ae-bg-gallery-type-default\" data-id=\"bfaf615\" data-element_type=\"column\">\n\t\t\t<div class=\"elementor-column-wrap elementor-element-populated\">\n\t\t\t\t\t\t\t<div class=\"elementor-widget-wrap\">\n\t\t\t\t\t\t<div class=\"elementor-element elementor-element-c38f146 elementor-widget elementor-widget-image\" data-id=\"c38f146\" data-element_type=\"widget\" data-widget_type=\"image.default\">\n\t\t\t\t<div class=\"elementor-widget-container\">\n\t\t\t\t\t\t\t\t<div class=\"elementor-image\">\n\t\t\t\t\t\t\t\t\t\t\t\t<img width=\"574\" height=\"451\" src=\"https:\/\/papa.siteup.dev\/wp-content\/uploads\/2022\/03\/01-1-193920.png\" class=\"attachment-full size-full\" alt=\"\" loading=\"lazy\" srcset=\"https:\/\/papa.siteup.dev\/wp-content\/uploads\/2022\/03\/01-1-193920.png 574w, https:\/\/papa.siteup.dev\/wp-content\/uploads\/2022\/03\/01-1-193920-300x236.png 300w, https:\/\/papa.siteup.dev\/wp-content\/uploads\/2022\/03\/01-1-193920-15x12.png 15w\" sizes=\"(max-width: 574px) 100vw, 574px\" \/>\t\t\t\t\t\t\t\t\t\t\t\t\t\t<\/div>\n\t\t\t\t\t\t<\/div>\n\t\t\t\t<\/div>\n\t\t\t\t\t\t<\/div>\n\t\t\t\t\t<\/div>\n\t\t<\/div>\n\t\t\t\t\t\t\t\t<\/div>\n\t\t\t\t\t<\/div>\n\t\t<\/section>\n\t\t\t\t<section class=\"has_ae_slider elementor-section elementor-top-section elementor-element elementor-element-c9f111b elementor-section-boxed elementor-section-height-default elementor-section-height-default ae-bg-gallery-type-default\" data-id=\"c9f111b\" data-element_type=\"section\" data-settings=\"{&quot;background_background&quot;:&quot;classic&quot;}\">\n\t\t\t\t\t\t<div class=\"elementor-container elementor-column-gap-default\">\n\t\t\t\t\t\t\t<div class=\"elementor-row\">\n\t\t\t\t\t<div class=\"has_ae_slider elementor-column elementor-col-100 elementor-top-column elementor-element elementor-element-75f4425 ae-bg-gallery-type-default\" data-id=\"75f4425\" data-element_type=\"column\">\n\t\t\t<div class=\"elementor-column-wrap elementor-element-populated\">\n\t\t\t\t\t\t\t<div class=\"elementor-widget-wrap\">\n\t\t\t\t\t\t<div class=\"elementor-element elementor-element-a7ce960 elementor-view-default elementor-widget elementor-widget-icon\" data-id=\"a7ce960\" data-element_type=\"widget\" data-widget_type=\"icon.default\">\n\t\t\t\t<div class=\"elementor-widget-container\">\n\t\t\t\t\t<div class=\"elementor-icon-wrapper\">\n\t\t\t<div class=\"elementor-icon\">\n\t\t\t<svg xmlns=\"http:\/\/www.w3.org\/2000\/svg\" width=\"62\" height=\"54\" viewbox=\"0 0 62 54\" fill=\"none\"><path opacity=\"0.15\" d=\"M3.94902 52.2206L4.12533 53H4.92437H27.1008H28.1008V52V31.0244V30.0244H27.1008H15.916V25.4146C15.916 20.9777 16.7889 17.8303 18.37 15.8051C20.0627 13.8402 22.8121 12.7561 26.8571 12.7561H27.8571V11.7561V2V1H26.8571C18.539 1 12.0613 3.42018 7.59712 8.39942C3.14022 13.2075 1 20.3231 1 29.561C1 35.9993 1.98894 43.5563 3.94902 52.2206ZM36.8482 52.2206L37.0245 53H37.8235H60H61V52V31.0244V30.0244H60H48.8151V25.4146C48.8151 20.9777 49.6881 17.8302 51.2692 15.805C52.9619 13.8402 55.7113 12.7561 59.7563 12.7561H60.7563V11.7561V2V1H59.7563C51.4381 1 44.9603 3.42021 40.4962 8.39953C36.0393 13.2076 33.8992 20.3232 33.8992 29.561C33.8992 35.9993 34.8881 43.5563 36.8482 52.2206Z\" stroke=\"white\" stroke-width=\"2\"><\/path><\/svg>\t\t\t<\/div>\n\t\t<\/div>\n\t\t\t\t<\/div>\n\t\t\t\t<\/div>\n\t\t\t\t<div class=\"elementor-element elementor-element-a5417df elementor-widget elementor-widget-text-editor\" data-id=\"a5417df\" data-element_type=\"widget\" data-widget_type=\"text-editor.default\">\n\t\t\t\t<div class=\"elementor-widget-container\">\n\t\t\t\t\t\t\t\t<div class=\"elementor-text-editor elementor-clearfix\">\n\t\t\t\t<p style=\"font-weight: 400;\">Caique DePaula, conhecido por seu nome art\u00edstico PAPA HIGH, nasceu em S\u00e3o Paulo, Brasil, em 1995. \u201cA arte vive dentro e ao nosso redor, quer reconhe\u00e7amos ou n\u00e3o\u201d, diz DePaula sobre sua inspira\u00e7\u00e3o criativa. \u201cUma m\u00fasica assustadoramente bonita pode ressoar profundamente com o ouvinte como uma forma de inspira\u00e7\u00e3o, permitindo que a pessoa se solte, mesmo que apenas por um momento.\u201d<\/p><p style=\"font-weight: 400;\">Crescendo entre S\u00e3o Paulo e Michigan, Caique escreveu em di\u00e1rios, criando hist\u00f3rias e poemas que acabaram se transformando em can\u00e7\u00f5es. Sua inf\u00e2ncia n\u00f4made influenciou sua paix\u00e3o pela m\u00fasica e permitiu que ele encontrasse companhia em sua escrita. DePaula acabaria por originar o alter ego \u201cPAPA HIGH\u201d durante seus anos de ensino m\u00e9dio como uma forma de superar lutas e inseguran\u00e7as n\u00e3o apenas em sua vida pessoal, mas tamb\u00e9m em sua performance. Durante seu tempo na ESPM e MDC, Caique estudou Marketing para abra\u00e7ar o lado empresarial da ind\u00fastria.<\/p><p style=\"font-weight: 400;\">Depois de se mudar para Miami, DePaula se concentrou em aperfei\u00e7oar ainda mais seu of\u00edcio, tendo aulas de teoria musical e composi\u00e7\u00e3o. Ele se mudou para Los Angeles, Calif\u00f3rnia, onde iniciou seu novo cap\u00edtulo em educa\u00e7\u00e3o musical, empreendedorismo e arte. Ap\u00f3s anos de estudo e pr\u00e1tica, Caique se sentiu preparado para compartilhar sua vis\u00e3o art\u00edstica trazendo \u201cPAPA HIGH\u201d para um p\u00fablico global. \u201c\u2018PAPA HIGH \u00e9 um movimento de amor\u201d, diz DePaula. \u201cCarrega uma mensagem positiva dentro de uma comunidade de livre express\u00e3o.\u201d\u00a0<\/p><p style=\"font-weight: 400;\">A miss\u00e3o do PAPA HIGH \u00e9 criar um ambiente onde todos possamos ser ouvidos e vistos e todos sintam um sentimento de pertencimento. Especialmente no clima pol\u00edtico de hoje, \u00e9 t\u00e3o f\u00e1cil esquecer de praticar a toler\u00e2ncia e o respeito pelo pr\u00f3ximo e ele espera agregar valor ao mundo atrav\u00e9s de sua m\u00fasica e arte. Ele acredita que a m\u00fasica \u00e9 uma linguagem universal e que o mundo precisa mais do que nunca.<\/p><p style=\"font-weight: 400;\">Seu projeto mais recente \u00e9 o seu EP de estreia, \u201cCULTURA\u201d, com m\u00fasicas em ingl\u00eas, portugu\u00eas e espanhol que abordam temas enraizados na cultura, origens, diversidade, aceita\u00e7\u00e3o, representatividade e identidade.\u00a0<\/p>\t\t\t\t\t<\/div>\n\t\t\t\t\t\t<\/div>\n\t\t\t\t<\/div>\n\t\t\t\t\t\t<\/div>\n\t\t\t\t\t<\/div>\n\t\t<\/div>\n\t\t\t\t\t\t\t\t<\/div>\n\t\t\t\t\t<\/div>\n\t\t<\/section>\n\t\t\t\t<section class=\"has_ae_slider elementor-section elementor-top-section elementor-element elementor-element-ed68e1e elementor-section-boxed elementor-section-height-default elementor-section-height-default ae-bg-gallery-type-default\" data-id=\"ed68e1e\" data-element_type=\"section\" data-settings=\"{&quot;background_background&quot;:&quot;classic&quot;}\">\n\t\t\t\t\t\t<div class=\"elementor-container elementor-column-gap-default\">\n\t\t\t\t\t\t\t<div class=\"elementor-row\">\n\t\t\t\t\t<div class=\"has_ae_slider elementor-column elementor-col-100 elementor-top-column elementor-element elementor-element-b85ca1d ae-bg-gallery-type-default\" data-id=\"b85ca1d\" data-element_type=\"column\">\n\t\t\t<div class=\"elementor-column-wrap elementor-element-populated\">\n\t\t\t\t\t\t\t<div class=\"elementor-widget-wrap\">\n\t\t\t\t\t\t<section class=\"has_ae_slider elementor-section elementor-inner-section elementor-element elementor-element-4d8d811 elementor-section-boxed elementor-section-height-default elementor-section-height-default ae-bg-gallery-type-default\" data-id=\"4d8d811\" data-element_type=\"section\">\n\t\t\t\t\t\t<div class=\"elementor-container elementor-column-gap-default\">\n\t\t\t\t\t\t\t<div class=\"elementor-row\">\n\t\t\t\t\t<div class=\"has_ae_slider elementor-column elementor-col-50 elementor-inner-column elementor-element elementor-element-030a215 ae-bg-gallery-type-default\" data-id=\"030a215\" data-element_type=\"column\">\n\t\t\t<div class=\"elementor-column-wrap elementor-element-populated\">\n\t\t\t\t\t\t\t<div class=\"elementor-widget-wrap\">\n\t\t\t\t\t\t<div class=\"elementor-element elementor-element-17a6ec6 elementor-widget__width-initial elementor-widget elementor-widget-heading\" data-id=\"17a6ec6\" data-element_type=\"widget\" data-widget_type=\"heading.default\">\n\t\t\t\t<div class=\"elementor-widget-container\">\n\t\t\t<h2 class=\"elementor-heading-title elementor-size-default\">\u201cEm busca da evolu\u00e7\u00e3o, n\u00e3o da perfei\u00e7\u00e3o\u201d<\/h2>\t\t<\/div>\n\t\t\t\t<\/div>\n\t\t\t\t<div class=\"elementor-element elementor-element-6f2eec8 elementor-widget elementor-widget-text-editor\" data-id=\"6f2eec8\" data-element_type=\"widget\" data-widget_type=\"text-editor.default\">\n\t\t\t\t<div class=\"elementor-widget-container\">\n\t\t\t\t\t\t\t\t<div class=\"elementor-text-editor elementor-clearfix\">\n\t\t\t\t<p>\u201cSe pud\u00e9ssemos escrever nossas pr\u00f3prias hist\u00f3rias,<br \/>elas fariam algum sentido?<br \/>Se pud\u00e9ssemos prever o amanh\u00e3,<br \/>onde estar\u00edamos hoje?<br \/>Se pud\u00e9ssemos controlar o que os outros pensam,<br \/>ainda sentir\u00edamos o mesmo por eles?\"<\/p>\t\t\t\t\t<\/div>\n\t\t\t\t\t\t<\/div>\n\t\t\t\t<\/div>\n\t\t\t\t\t\t<\/div>\n\t\t\t\t\t<\/div>\n\t\t<\/div>\n\t\t\t\t<div class=\"has_ae_slider elementor-column elementor-col-50 elementor-inner-column elementor-element elementor-element-c5587d1 ae-bg-gallery-type-default\" data-id=\"c5587d1\" data-element_type=\"column\">\n\t\t\t<div class=\"elementor-column-wrap elementor-element-populated\">\n\t\t\t\t\t\t\t<div class=\"elementor-widget-wrap\">\n\t\t\t\t\t\t<div class=\"elementor-element elementor-element-ab76950 elementor-widget elementor-widget-heading\" data-id=\"ab76950\" data-element_type=\"widget\" data-widget_type=\"heading.default\">\n\t\t\t\t<div class=\"elementor-widget-container\">\n\t\t\t<p class=\"elementor-heading-title elementor-size-default\">\u201cI\u2019ll be myself until I die\n <br>Can\u2019t try to change\n<br>Won\u2019t waste my time \n<br>PRIDE in every trace of mine\n<br> Its who I am\n<br> My own design\u201d<\/p>\t\t<\/div>\n\t\t\t\t<\/div>\n\t\t\t\t\t\t<\/div>\n\t\t\t\t\t<\/div>\n\t\t<\/div>\n\t\t\t\t\t\t\t\t<\/div>\n\t\t\t\t\t<\/div>\n\t\t<\/section>\n\t\t\t\t<section class=\"has_ae_slider elementor-section elementor-inner-section elementor-element elementor-element-fe4cd63 elementor-section-boxed elementor-section-height-default elementor-section-height-default ae-bg-gallery-type-default\" data-id=\"fe4cd63\" data-element_type=\"section\">\n\t\t\t\t\t\t<div class=\"elementor-container elementor-column-gap-default\">\n\t\t\t\t\t\t\t<div class=\"elementor-row\">\n\t\t\t\t\t<div class=\"has_ae_slider elementor-column elementor-col-100 elementor-inner-column elementor-element elementor-element-ef8aa1d ae-bg-gallery-type-default\" data-id=\"ef8aa1d\" data-element_type=\"column\">\n\t\t\t<div class=\"elementor-column-wrap elementor-element-populated\">\n\t\t\t\t\t\t\t<div class=\"elementor-widget-wrap\">\n\t\t\t\t\t\t<div class=\"elementor-element elementor-element-938cc2d elementor-widget elementor-widget-image\" data-id=\"938cc2d\" data-element_type=\"widget\" data-widget_type=\"image.default\">\n\t\t\t\t<div class=\"elementor-widget-container\">\n\t\t\t\t\t\t\t\t<div class=\"elementor-image\">\n\t\t\t\t\t\t\t\t\t\t\t\t<img width=\"1120\" height=\"338\" src=\"https:\/\/papa.siteup.dev\/wp-content\/uploads\/2022\/03\/02-2.png\" class=\"attachment-full size-full\" alt=\"\" loading=\"lazy\" srcset=\"https:\/\/papa.siteup.dev\/wp-content\/uploads\/2022\/03\/02-2.png 1120w, https:\/\/papa.siteup.dev\/wp-content\/uploads\/2022\/03\/02-2-300x91.png 300w, https:\/\/papa.siteup.dev\/wp-content\/uploads\/2022\/03\/02-2-1024x309.png 1024w, https:\/\/papa.siteup.dev\/wp-content\/uploads\/2022\/03\/02-2-768x232.png 768w, https:\/\/papa.siteup.dev\/wp-content\/uploads\/2022\/03\/02-2-18x5.png 18w\" sizes=\"(max-width: 1120px) 100vw, 1120px\" \/>\t\t\t\t\t\t\t\t\t\t\t\t\t\t<\/div>\n\t\t\t\t\t\t<\/div>\n\t\t\t\t<\/div>\n\t\t\t\t\t\t<\/div>\n\t\t\t\t\t<\/div>\n\t\t<\/div>\n\t\t\t\t\t\t\t\t<\/div>\n\t\t\t\t\t<\/div>\n\t\t<\/section>\n\t\t\t\t\t\t<\/div>\n\t\t\t\t\t<\/div>\n\t\t<\/div>\n\t\t\t\t\t\t\t\t<\/div>\n\t\t\t\t\t<\/div>\n\t\t<\/section>\n\t\t\t\t<section class=\"has_ae_slider elementor-section elementor-top-section elementor-element elementor-element-20dc7e8 elementor-section-boxed elementor-section-height-default elementor-section-height-default ae-bg-gallery-type-default\" data-id=\"20dc7e8\" data-element_type=\"section\" data-settings=\"{&quot;background_background&quot;:&quot;classic&quot;}\">\n\t\t\t\t\t\t<div class=\"elementor-container elementor-column-gap-default\">\n\t\t\t\t\t\t\t<div class=\"elementor-row\">\n\t\t\t\t\t<div class=\"has_ae_slider elementor-column elementor-col-50 elementor-top-column elementor-element elementor-element-a79cb28 ae-bg-gallery-type-default\" data-id=\"a79cb28\" data-element_type=\"column\">\n\t\t\t<div class=\"elementor-column-wrap elementor-element-populated\">\n\t\t\t\t\t\t\t<div class=\"elementor-widget-wrap\">\n\t\t\t\t\t\t<div class=\"elementor-element elementor-element-0e65b54 elementor-widget__width-initial elementor-widget elementor-widget-heading\" data-id=\"0e65b54\" data-element_type=\"widget\" data-widget_type=\"heading.default\">\n\t\t\t\t<div class=\"elementor-widget-container\">\n\t\t\t<p class=\"elementor-heading-title elementor-size-default\">\u201cAngels, espero que voc\u00eas acreditem em si mesmos tanto quanto eu acredito em voc\u00eas\u201d<\/p>\t\t<\/div>\n\t\t\t\t<\/div>\n\t\t\t\t<div class=\"elementor-element elementor-element-c5bf13e elementor-widget__width-initial elementor-widget elementor-widget-heading\" data-id=\"c5bf13e\" data-element_type=\"widget\" data-widget_type=\"heading.default\">\n\t\t\t\t<div class=\"elementor-widget-container\">\n\t\t\t<p class=\"elementor-heading-title elementor-size-default\">\u201cVoc\u00ea tem o direito de acreditar no que faz voc\u00ea se sentir inteiro\u201d<\/p>\t\t<\/div>\n\t\t\t\t<\/div>\n\t\t\t\t<div class=\"elementor-element elementor-element-a020d4b elementor-widget elementor-widget-heading\" data-id=\"a020d4b\" data-element_type=\"widget\" data-widget_type=\"heading.default\">\n\t\t\t\t<div class=\"elementor-widget-container\">\n\t\t\t<p class=\"elementor-heading-title elementor-size-default\">\u201cQuem tem f\u00e9<br>\ntem tudo o que se precisa\u201d<\/p>\t\t<\/div>\n\t\t\t\t<\/div>\n\t\t\t\t<div class=\"elementor-element elementor-element-7903d57 elementor-widget__width-initial elementor-widget elementor-widget-heading\" data-id=\"7903d57\" data-element_type=\"widget\" data-widget_type=\"heading.default\">\n\t\t\t\t<div class=\"elementor-widget-container\">\n\t\t\t<p class=\"elementor-heading-title elementor-size-default\">\u201cBrasil,<br> \neu prometo que um dia vou te deixar orgulhoso.\nT\u00e3o orgulhoso quanto voc\u00ea me deixa\u201d<\/p>\t\t<\/div>\n\t\t\t\t<\/div>\n\t\t\t\t\t\t<\/div>\n\t\t\t\t\t<\/div>\n\t\t<\/div>\n\t\t\t\t<div class=\"has_ae_slider elementor-column elementor-col-50 elementor-top-column elementor-element elementor-element-e36058b ae-bg-gallery-type-default\" data-id=\"e36058b\" data-element_type=\"column\">\n\t\t\t<div class=\"elementor-column-wrap elementor-element-populated\">\n\t\t\t\t\t\t\t<div class=\"elementor-widget-wrap\">\n\t\t\t\t\t\t<div class=\"elementor-element elementor-element-8278f6e elementor-widget elementor-widget-image\" data-id=\"8278f6e\" data-element_type=\"widget\" data-widget_type=\"image.default\">\n\t\t\t\t<div class=\"elementor-widget-container\">\n\t\t\t\t\t\t\t\t<div class=\"elementor-image\">\n\t\t\t\t\t\t\t\t\t\t\t\t<img width=\"548\" height=\"523\" src=\"https:\/\/papa.siteup.dev\/wp-content\/uploads\/2022\/03\/03.png\" class=\"attachment-large size-large\" alt=\"\" loading=\"lazy\" srcset=\"https:\/\/papa.siteup.dev\/wp-content\/uploads\/2022\/03\/03.png 548w, https:\/\/papa.siteup.dev\/wp-content\/uploads\/2022\/03\/03-300x286.png 300w, https:\/\/papa.siteup.dev\/wp-content\/uploads\/2022\/03\/03-13x12.png 13w\" sizes=\"(max-width: 548px) 100vw, 548px\" \/>\t\t\t\t\t\t\t\t\t\t\t\t\t\t<\/div>\n\t\t\t\t\t\t<\/div>\n\t\t\t\t<\/div>\n\t\t\t\t\t\t<\/div>\n\t\t\t\t\t<\/div>\n\t\t<\/div>\n\t\t\t\t\t\t\t\t<\/div>\n\t\t\t\t\t<\/div>\n\t\t<\/section>\n\t\t\t\t\t\t\t\t\t<\/div>\n\t\t\t<\/div>\n\t\t\t\t\t<\/div>","protected":false},"excerpt":{"rendered":"<p>DIARY &#038; BIO \u201cI wasn\u2019t born into music. I was born with a passion\u201d \u201cMusic is something I had to go after\u201d Caique\u00a0DePaula, known by his artist name PAPA HIGH, was born in S\u00e3o Paulo Brazil in 1995. \u201cArt lives within and around us whether we acknowledge it or not,\u201d says DePaula on his creative [&hellip;]<\/p>\n","protected":false},"author":10,"featured_media":0,"parent":0,"menu_order":0,"comment_status":"closed","ping_status":"closed","template":"elementor_header_footer","meta":[],"acf":[],"yoast_head":"<!-- This site is optimized with the Yoast SEO plugin v20.6 - https:\/\/yoast.com\/wordpress\/plugins\/seo\/ -->\n<title>Diary &amp; BIO - Papa High<\/title>\n<meta name=\"description\" content=\"Caique DePaula, known by his artist name PAPA HIGH, was born in S\u00e3o Paulo Brazil in 1995. Read the full bio.\" \/>\n<meta name=\"robots\" content=\"noindex, follow, max-snippet:-1, max-image-preview:large, max-video-preview:-1\" \/>\n<meta property=\"og:locale\" content=\"pt_BR\" \/>\n<meta property=\"og:type\" content=\"article\" \/>\n<meta property=\"og:title\" content=\"Diary &amp; BIO - Papa High\" \/>\n<meta property=\"og:description\" content=\"Caique DePaula, known by his artist name PAPA HIGH, was born in S\u00e3o Paulo Brazil in 1995. Read the full bio.\" \/>\n<meta property=\"og:url\" content=\"https:\/\/papa.siteup.dev\/pt\/diary-bio\/\" \/>\n<meta property=\"og:site_name\" content=\"Papa High\" \/>\n<meta property=\"article:modified_time\" content=\"2022-07-05T19:47:51+00:00\" \/>\n<meta property=\"og:image\" content=\"https:\/\/papa.siteup.dev\/wp-content\/uploads\/2022\/03\/01-1-193920.png\" \/>\n<meta name=\"twitter:card\" content=\"summary_large_image\" \/>\n<meta name=\"twitter:label1\" content=\"Est. tempo de leitura\" \/>\n\t<meta name=\"twitter:data1\" content=\"4 minutos\" \/>\n<script type=\"application\/ld+json\" class=\"yoast-schema-graph\">{\"@context\":\"https:\/\/schema.org\",\"@graph\":[{\"@type\":\"WebPage\",\"@id\":\"https:\/\/papa.siteup.dev\/diary-bio\/\",\"url\":\"https:\/\/papa.siteup.dev\/diary-bio\/\",\"name\":\"Diary & BIO - Papa High\",\"isPartOf\":{\"@id\":\"https:\/\/papa.siteup.dev\/#website\"},\"datePublished\":\"2022-03-31T16:41:56+00:00\",\"dateModified\":\"2022-07-05T19:47:51+00:00\",\"description\":\"Caique DePaula, known by his artist name PAPA HIGH, was born in S\u00e3o Paulo Brazil in 1995. Read the full bio.\",\"breadcrumb\":{\"@id\":\"https:\/\/papa.siteup.dev\/diary-bio\/#breadcrumb\"},\"inLanguage\":\"pt-BR\",\"potentialAction\":[{\"@type\":\"ReadAction\",\"target\":[\"https:\/\/papa.siteup.dev\/diary-bio\/\"]}]},{\"@type\":\"BreadcrumbList\",\"@id\":\"https:\/\/papa.siteup.dev\/diary-bio\/#breadcrumb\",\"itemListElement\":[{\"@type\":\"ListItem\",\"position\":1,\"name\":\"In\u00edcio\",\"item\":\"https:\/\/papa.siteup.dev\/\"},{\"@type\":\"ListItem\",\"position\":2,\"name\":\"Diary &#038; BIO\"}]},{\"@type\":\"WebSite\",\"@id\":\"https:\/\/papa.siteup.dev\/#website\",\"url\":\"https:\/\/papa.siteup.dev\/\",\"name\":\"Papa High\",\"description\":\"\",\"publisher\":{\"@id\":\"https:\/\/papa.siteup.dev\/#organization\"},\"potentialAction\":[{\"@type\":\"SearchAction\",\"target\":{\"@type\":\"EntryPoint\",\"urlTemplate\":\"https:\/\/papa.siteup.dev\/?s={search_term_string}\"},\"query-input\":\"required name=search_term_string\"}],\"inLanguage\":\"pt-BR\"},{\"@type\":\"Organization\",\"@id\":\"https:\/\/papa.siteup.dev\/#organization\",\"name\":\"Papa High\",\"url\":\"https:\/\/papa.siteup.dev\/\",\"logo\":{\"@type\":\"ImageObject\",\"inLanguage\":\"pt-BR\",\"@id\":\"https:\/\/papa.siteup.dev\/#\/schema\/logo\/image\/\",\"url\":\"https:\/\/papa.siteup.dev\/wp-content\/uploads\/2022\/03\/camada-0-1-183933.png\",\"contentUrl\":\"https:\/\/papa.siteup.dev\/wp-content\/uploads\/2022\/03\/camada-0-1-183933.png\",\"width\":260,\"height\":35,\"caption\":\"Papa High\"},\"image\":{\"@id\":\"https:\/\/papa.siteup.dev\/#\/schema\/logo\/image\/\"}}]}<\/script>\n<!-- \/ Yoast SEO plugin. -->","yoast_head_json":{"title":"Diary & BIO - Papa High","description":"Caique DePaula, known by his artist name PAPA HIGH, was born in S\u00e3o Paulo Brazil in 1995. Read the full bio.","robots":{"index":"noindex","follow":"follow","max-snippet":"max-snippet:-1","max-image-preview":"max-image-preview:large","max-video-preview":"max-video-preview:-1"},"og_locale":"pt_BR","og_type":"article","og_title":"Diary & BIO - Papa High","og_description":"Caique DePaula, known by his artist name PAPA HIGH, was born in S\u00e3o Paulo Brazil in 1995. Read the full bio.","og_url":"https:\/\/papa.siteup.dev\/pt\/diary-bio\/","og_site_name":"Papa High","article_modified_time":"2022-07-05T19:47:51+00:00","og_image":[{"url":"https:\/\/papa.siteup.dev\/wp-content\/uploads\/2022\/03\/01-1-193920.png"}],"twitter_card":"summary_large_image","twitter_misc":{"Est. tempo de leitura":"4 minutos"},"schema":{"@context":"https:\/\/schema.org","@graph":[{"@type":"WebPage","@id":"https:\/\/papa.siteup.dev\/diary-bio\/","url":"https:\/\/papa.siteup.dev\/diary-bio\/","name":"Diary & BIO - Papa High","isPartOf":{"@id":"https:\/\/papa.siteup.dev\/#website"},"datePublished":"2022-03-31T16:41:56+00:00","dateModified":"2022-07-05T19:47:51+00:00","description":"Caique DePaula, known by his artist name PAPA HIGH, was born in S\u00e3o Paulo Brazil in 1995. Read the full bio.","breadcrumb":{"@id":"https:\/\/papa.siteup.dev\/diary-bio\/#breadcrumb"},"inLanguage":"pt-BR","potentialAction":[{"@type":"ReadAction","target":["https:\/\/papa.siteup.dev\/diary-bio\/"]}]},{"@type":"BreadcrumbList","@id":"https:\/\/papa.siteup.dev\/diary-bio\/#breadcrumb","itemListElement":[{"@type":"ListItem","position":1,"name":"In\u00edcio","item":"https:\/\/papa.siteup.dev\/"},{"@type":"ListItem","position":2,"name":"Diary &#038; BIO"}]},{"@type":"WebSite","@id":"https:\/\/papa.siteup.dev\/#website","url":"https:\/\/papa.siteup.dev\/","name":"Papa High","description":"","publisher":{"@id":"https:\/\/papa.siteup.dev\/#organization"},"potentialAction":[{"@type":"SearchAction","target":{"@type":"EntryPoint","urlTemplate":"https:\/\/papa.siteup.dev\/?s={search_term_string}"},"query-input":"required name=search_term_string"}],"inLanguage":"pt-BR"},{"@type":"Organization","@id":"https:\/\/papa.siteup.dev\/#organization","name":"Papa High","url":"https:\/\/papa.siteup.dev\/","logo":{"@type":"ImageObject","inLanguage":"pt-BR","@id":"https:\/\/papa.siteup.dev\/#\/schema\/logo\/image\/","url":"https:\/\/papa.siteup.dev\/wp-content\/uploads\/2022\/03\/camada-0-1-183933.png","contentUrl":"https:\/\/papa.siteup.dev\/wp-content\/uploads\/2022\/03\/camada-0-1-183933.png","width":260,"height":35,"caption":"Papa High"},"image":{"@id":"https:\/\/papa.siteup.dev\/#\/schema\/logo\/image\/"}}]}},"_links":{"self":[{"href":"https:\/\/papa.siteup.dev\/pt\/wp-json\/wp\/v2\/pages\/178"}],"collection":[{"href":"https:\/\/papa.siteup.dev\/pt\/wp-json\/wp\/v2\/pages"}],"about":[{"href":"https:\/\/papa.siteup.dev\/pt\/wp-json\/wp\/v2\/types\/page"}],"author":[{"embeddable":true,"href":"https:\/\/papa.siteup.dev\/pt\/wp-json\/wp\/v2\/users\/10"}],"replies":[{"embeddable":true,"href":"https:\/\/papa.siteup.dev\/pt\/wp-json\/wp\/v2\/comments?post=178"}],"version-history":[{"count":13,"href":"https:\/\/papa.siteup.dev\/pt\/wp-json\/wp\/v2\/pages\/178\/revisions"}],"predecessor-version":[{"id":2580,"href":"https:\/\/papa.siteup.dev\/pt\/wp-json\/wp\/v2\/pages\/178\/revisions\/2580"}],"wp:attachment":[{"href":"https:\/\/papa.siteup.dev\/pt\/wp-json\/wp\/v2\/media?parent=178"}],"curies":[{"name":"wp","href":"https:\/\/api.w.org\/{rel}","templated":true}]}}